{"id":263,"date":"2020-11-24T13:55:09","date_gmt":"2020-11-24T13:55:09","guid":{"rendered":"http:\/\/garmastanpomat.com\/?page_id=263"},"modified":"2020-12-21T09:59:29","modified_gmt":"2020-12-21T09:59:29","slug":"cerez-politikasi-aydinlatma-metni","status":"publish","type":"page","link":"https:\/\/garmastanpomat.com\/index.php\/cerez-politikasi-aydinlatma-metni\/","title":{"rendered":"\u00c7erez Politikas\u0131 Ayd\u0131nlatma Metni"},"content":{"rendered":"<h4><strong>\u00c7EREZ POL\u0130T\u0130KASI AYDINLATMA METN\u0130<\/strong><\/h4>\n<p>\u0130\u015fbu \u00c7erez Politikas\u0131 Ayd\u0131nlatma metni ile sahibi oldu\u011fumuz https:\/\/www.garmastanpomat.com internet sitesinin (\u201cWeb Sitesi\u201d) i\u015fletilmesi s\u0131ras\u0131nda sitemizi ziyaret eden siz de\u011ferli \u201cveri sahipleri\u201dnin verilerinin, hangi \u00e7erezler kullan\u0131larak ne \u015fekilde i\u015fleyebildi\u011fi ve verilerinizin hangi ama\u00e7larla kullan\u0131labilece\u011fi konular\u0131nda bilgi vermeyi ama\u00e7l\u0131yoruz.<br \/>\nWeb Sitemizde yer alan Gizlilik Politikas\u0131\u2019nda detayl\u0131 yer ald\u0131\u011f\u0131 do\u011frultuda 6698 say\u0131l\u0131 Ki\u015fisel Verilerin Korunmas\u0131 Kanunu h\u00fckm\u00fcnce i\u015flenen ki\u015fisel verilerin d\u0131\u015f\u0131nda Web Sitesi kullan\u0131m\u0131 s\u00fcrecinde \u00fcretilen arama ve kullan\u0131m al\u0131\u015fkanl\u0131klar\u0131n\u0131z, reklam tercihleriniz gibi ki\u015fisel bilgi i\u00e7ermeyen ve kimlik tespiti i\u00e7in kullan\u0131lamayan veriler (\u201c\u00c7erezler\u201d) kullan\u0131lmaktad\u0131r.<\/p>\n<h4>\u00c7EREZLER VE T\u00dcRLER\u0130 NELERD\u0130R, HANG\u0130 \u00c7EREZLER\u0130 KULLANMAKTAYIZ<\/h4>\n<p>\u00c7erez, Web Sitesi\u2019ne eri\u015fim sa\u011flad\u0131\u011f\u0131n\u0131z bilgisayar\u0131n\u0131za, cep telefonlar\u0131n\u0131za, tabletlerinize veya di\u011fer mobil cihazlar\u0131n\u0131za kaydedilen ve veri depolayan k\u00fc\u00e7\u00fck metin (text) dosyalar\u0131d\u0131r. Bu dosyalarda Web Sitesi kullan\u0131m\u0131n\u0131zdan yola \u00e7\u0131karak olu\u015fturulan kullan\u0131m al\u0131\u015fkanl\u0131klar\u0131n\u0131za ve tercihlerinize ait bilgiler saklan\u0131r. Web Sitesi\u2019nde yer verilen \u00e7erez t\u00fcrleri a\u015fa\u011f\u0131da s\u0131ralanmaktad\u0131r:<\/p>\n<p><strong>Kullan\u0131lmas\u0131 Zorunlu Olan \u00c7erezler:<\/strong> Bu \u00e7erezler, Web Sitesi&#8217;nin d\u00fczg\u00fcn \u015fekilde \u00e7al\u0131\u015fmas\u0131 i\u00e7in mutlaka gerekli olan \u00e7erezlerdir. Bu \u00e7erezlere, sistemin y\u00f6netilebilmesi, sahte i\u015flemlerin \u00f6nlenmesi i\u00e7in ihtiya\u00e7 vard\u0131r ve engellenmesi halinde Web Sitesi \u00e7al\u0131\u015famayacakt\u0131r. Bu \u00e7erezlerin kullan\u0131lmas\u0131nda sizden izin almam\u0131z gerekmemektedir.<\/p>\n<p><strong>\u0130\u015flev \u00c7erezleri:<\/strong> Bu \u00e7erezler size daha geli\u015fmi\u015f ve kolay bir kullan\u0131m deneyimi ya\u015fatmak i\u00e7in kullan\u0131lan \u00e7erezlerdir. \u00d6rne\u011fin \u00f6nceki tercihlerinizi hat\u0131rlamak, Web Sitesi \u00fczerinde yer alan baz\u0131 i\u00e7eriklere rahat\u00e7a eri\u015fmenizi sa\u011flamak gibi i\u015flevleri yerine getirmektedir. A\u015fa\u011f\u0131da detayl\u0131 olarak a\u00e7\u0131klanan \u015fekilde bu \u00e7erezlerin kullan\u0131m\u0131n\u0131 engelleyebilirsiniz.<\/p>\n<p><strong>Analiz\/Performans \u00c7erezleri:<\/strong> Bu \u00e7erezler; Web Sitesi&#8217;nin i\u015fleyi\u015fini, ziyaret say\u0131s\u0131 ve s\u0131kl\u0131\u011f\u0131n\u0131 analiz edip anlam\u0131m\u0131z\u0131 ve sizinle etkile\u015fime ge\u00e7erek Web Sitemizi geli\u015ftirebilmemizi ve kullan\u0131c\u0131 dostu \u00f6zelli\u011fini art\u0131rmam\u0131z\u0131 sa\u011flamaktad\u0131r.<\/p>\n<p><strong>Hedefleme\/Reklam \u00c7erezleri:<\/strong> Bu \u00e7erezler, size, reklam i\u00e7erikleri de d\u00e2hil olmak \u00fczere, ilginizi \u00e7ekebilecek i\u00e7erikleri saptayarak sunmam\u0131z i\u00e7in kullan\u0131lmaktad\u0131r.<\/p>\n<p><strong>\u00dc\u00e7\u00fcnc\u00fc Taraf \u00c7erezleri:<\/strong> Web Sitesi kullan\u0131m\u0131 ile bir tak\u0131m servislerin sunulabilmesi i\u00e7in, Web Sitesi\u2019ni ziyaret etti\u011finizde cihaz\u0131n\u0131zda sizin ad\u0131n\u0131za \u00e7erez ayarlar\u0131 yapan baz\u0131 \u00fc\u00e7\u00fcnc\u00fc taraf sa\u011flay\u0131c\u0131lar\u0131yla \u00e7al\u0131\u015f\u0131yoruz. Dolay\u0131s\u0131yla \u00e7erez kullan\u0131mlar\u0131 hakk\u0131nda bilgi edinmek i\u00e7in bu \u00fc\u00e7\u00fcnc\u00fc taraf sa\u011flay\u0131c\u0131lar\u0131n gizlilik politikalar\u0131na ba\u015fvurman\u0131z\u0131 \u00f6neririz.<\/p>\n<p><strong>Sosyal Medya\/Payla\u015f\u0131m \u00c7erezleri:<\/strong> Yorumlar\u0131, oylar\u0131, sayfalar\u0131, yer imlerini payla\u015fman\u0131z\u0131 sa\u011flar ve sosyal a\u011flar ile sosyal ara\u00e7lara daha kolay eri\u015fim sunmaya yard\u0131mc\u0131 olur.<\/p>\n<h4>\u00c7EREZLER\u0130N\u0130Z\u0130N SAKLANMA S\u00dcRES\u0130<\/h4>\n<p>5651 say\u0131l\u0131 Internet Ortam\u0131nda Yap\u0131lan Yay\u0131nlar\u0131n D\u00fczenlenmesi ve Bu Yay\u0131nlar Yoluyla \u0130\u015flenen Su\u00e7larla M\u00fccadele Edilmesi Hakk\u0131nda Kanun\u2019un 6.maddesi uyar\u0131nca siz de\u011ferli ziyaret\u00e7ilere ait \u00c7erezler iki (2) y\u0131l boyunca saklanmakta ve s\u00fcre sonunda otomatik olarak imha edilmektedir.<\/p>\n<h4>\u00c7EREZLER\u0130N KULLANIM AMACI<\/h4>\n<p>Assos \u0130la\u00e7 olarak Web Sitesi kullan\u0131m s\u00fcrecinizde olu\u015fturulan \u00c7erezler; eri\u015fim sa\u011flad\u0131\u011f\u0131n\u0131z cihazlar\u0131n\u0131z ile Web Sitesi\u2019ni tekrar kulland\u0131\u011f\u0131n\u0131zda s\u00fcre\u00e7 dahilinde olu\u015fan \u00c7erezler\u2019i hat\u0131rlayacakt\u0131r. Bu vas\u0131tayla \u00c7erezler;<br \/>\nWeb Sitesi\u2019nin i\u015flevselli\u011fini ve performans\u0131n\u0131 artt\u0131rmak yoluyla sizlere sunulan hizmetlerin geli\u015ftirilmesi,<\/p>\n<p>Web Sitesi\u2019nin iyile\u015ftirilmesi ve Web Sitesi \u00fczerinden yeni \u00f6zelliklerin sunulmas\u0131 ve sunulan \u00f6zelliklerin sizlerin tercihlerine g\u00f6re ki\u015fiselle\u015ftirilmesi,<\/p>\n<p>Web Sitesi\u2019nde siz ziyaret\u00e7ilerin gelecek eylemlerinin h\u0131zlanmas\u0131n\u0131n sa\u011flanmas\u0131,<\/p>\n<p>Web Sitesi\u2019nin ziyaret say\u0131s\u0131n\u0131n ve s\u0131kl\u0131\u011f\u0131n\u0131n istatiksel olarak \u00f6l\u00e7\u00fclebilmesi,<\/p>\n<p>Web Sitesi&#8217;nde ve \u00fc\u00e7\u00fcnc\u00fc ki\u015filerin Web Sitesi\u2019nde size daha uygun hizmet, \u00fcr\u00fcn veya tekliflerin, \u00fcr\u00fcnlere ili\u015fkin tan\u0131t\u0131mlar\u0131n ve ileti\u015fim kanallar\u0131n\u0131n sunulabilmesi,<\/p>\n<p>Sizin ve Assos \u0130la\u00e7\u2019\u0131n hukuki ve ticari g\u00fcvenli\u011finin temininin sa\u011flanmas\u0131<br \/>\nama\u00e7lar\u0131yla kullan\u0131lmakta ve izlenmektedir.<\/p>\n<h4>\u00c7EREZLER\u0130N\u0130Z\u0130N PAYLA\u015eILMASI<\/h4>\n<p>Yukar\u0131da yer alan ama\u00e7lardan herhangi birisini ger\u00e7ekle\u015ftirebilmek i\u00e7in SMS g\u00f6nderimi yapanlar da dahil olmak \u00fczere d\u0131\u015f kaynak hizmet sa\u011flay\u0131c\u0131lar\u0131, ajanslar, bar\u0131nd\u0131rma hizmet sa\u011flay\u0131c\u0131lar\u0131 (hosting servisleri), destek hizmeti sa\u011flayan dan\u0131\u015fmanlar, ara\u015ft\u0131rma \u015firketleri, \u00e7a\u011fr\u0131 merkezleri gibi \u00fc\u00e7\u00fcnc\u00fc ki\u015filer ile d\u00fczenleyici ve denetleyici kurumlar, bu bilgilerin tabi oldu\u011fu mevzuatta a\u00e7\u0131k\u00e7a talep etmeye yetkili olan kamu kurum veya kurulu\u015flar ile hukuki y\u00fck\u00fcml\u00fcl\u00fcklerimizin yerine getirilmesi amac\u0131yla ve i\u015ftirakler ile payla\u015f\u0131labilecektir.<\/p>\n<h4>\u00c7EREZ DOSYALARININ S\u0130L\u0130NMES\u0130 VEYA REDDED\u0130LMES\u0130<\/h4>\n<p>\u00c7erezler\u2019in kullan\u0131lmas\u0131 Web Sitesi vas\u0131tas\u0131 ile siz de\u011ferli ziyaret\u00e7ilerimize daha iyi hizmet vermemize olanak sa\u011flar. Ancak dilerseniz \u00c7erezler\u2019in kullan\u0131lmas\u0131n\u0131 engelleyebilirsiniz. Ancak bu takdirde Web Sitesi\u2019nin tam olarak i\u015flevini g\u00f6sterememesi ve t\u00fcm \u00f6zelliklerinden yararlanamayabilece\u011finizi unutmay\u0131n\u0131z. \u00c7erezler\u2019in kullan\u0131lmas\u0131n\u0131 engellemek i\u00e7in kulland\u0131\u011f\u0131n\u0131z internet taray\u0131c\u0131n\u0131z\u0131n ayarlar\u0131n\u0131z\u0131 de\u011fi\u015ftirmeniz gerekmektedir. Bu de\u011fi\u015fiklikler kulland\u0131\u011f\u0131n\u0131z cihaz ve internet taray\u0131c\u0131s\u0131na g\u00f6re de\u011fi\u015fiklik g\u00f6stermektedir. A\u015fa\u011f\u0131da farkl\u0131 internet taray\u0131c\u0131lar\u0131 \u00fczerinden \u00c7erezler\u2019in kullan\u0131lmas\u0131n\u0131 engellemek i\u00e7in gereken bilgiler yer almaktad\u0131r:<\/p>\n<table style=\"border-collapse:collapse;border-spacing:0\" class=\"tg\">\n<thead>\n<tr>\n<th style=\"border-color:black;border-style:solid;border-width:1px;font-family:Arial, sans-serif;font-size:14px;font-weight:normal;overflow:hidden;padding:10px 5px;text-align:left;vertical-align:top;word-break:normal\">Adobe Analytics<\/th>\n<th style=\"border-color:black;border-style:solid;border-width:1px;font-family:Arial, sans-serif;font-size:14px;font-weight:normal;overflow:hidden;padding:10px 5px;text-align:left;vertical-align:top;word-break:normal\"><a href=\"http:\/\/www.adobe.com\/uk\/privacy\/opt-out.html\" target=\"_blank\" rel=\"noopener noreferrer\">http:\/\/www.adobe.com\/uk\/privacy\/opt-out.html<\/a><\/th>\n<\/tr>\n<\/thead>\n<tbody>\n<tr>\n<td style=\"border-color:black;border-style:solid;border-width:1px;font-family:Arial, sans-serif;font-size:14px;overflow:hidden;padding:10px 5px;text-align:left;vertical-align:top;word-break:normal\">AOL<\/td>\n<td style=\"border-color:black;border-style:solid;border-width:1px;font-family:Arial, sans-serif;font-size:14px;overflow:hidden;padding:10px 5px;text-align:left;vertical-align:top;word-break:normal\"><a href=\"https:\/\/help.aol.com\/articles\/clear-cookies-on-a-web-browser\" target=\"_blank\" rel=\"noopener noreferrer\">https:\/\/help.aol.com\/articles\/clear-cookies-on-a-web-browser<\/a><\/td>\n<\/tr>\n<tr>\n<td style=\"border-color:black;border-style:solid;border-width:1px;font-family:Arial, sans-serif;font-size:14px;overflow:hidden;padding:10px 5px;text-align:left;vertical-align:top;word-break:normal\">Google Adwords<\/td>\n<td style=\"border-color:black;border-style:solid;border-width:1px;font-family:Arial, sans-serif;font-size:14px;overflow:hidden;padding:10px 5px;text-align:left;vertical-align:top;word-break:normal\"><a href=\"https:\/\/support.google.com\/ads\/answer\/2662922?hl=en\" target=\"_blank\" rel=\"noopener noreferrer\">https:\/\/support.google.com\/ads\/answer\/2662922?hl=en<\/a><\/td>\n<\/tr>\n<tr>\n<td style=\"border-color:black;border-style:solid;border-width:1px;font-family:Arial, sans-serif;font-size:14px;overflow:hidden;padding:10px 5px;text-align:left;vertical-align:top;word-break:normal\">Google Analytics<\/td>\n<td style=\"border-color:black;border-style:solid;border-width:1px;font-family:Arial, sans-serif;font-size:14px;overflow:hidden;padding:10px 5px;text-align:left;vertical-align:top;word-break:normal\"><a href=\"https:\/\/tools.google.com\/dlpage\/gaoptout\" target=\"_blank\" rel=\"noopener noreferrer\">https:\/\/tools.google.com\/dlpage\/gaoptout<\/a><\/td>\n<\/tr>\n<tr>\n<td style=\"border-color:black;border-style:solid;border-width:1px;font-family:Arial, sans-serif;font-size:14px;overflow:hidden;padding:10px 5px;text-align:left;vertical-align:top;word-break:normal\">Google Chrome<\/td>\n<td style=\"border-color:black;border-style:solid;border-width:1px;font-family:Arial, sans-serif;font-size:14px;overflow:hidden;padding:10px 5px;text-align:left;vertical-align:top;word-break:normal\"><a href=\"http:\/\/www.google.com\/support\/chrome\/bin\/answer.py?hl=en&#038;answer=95647\" target=\"_blank\" rel=\"noopener noreferrer\">http:\/\/www.google.com\/support\/chrome\/bin\/answer.py?hl=en&amp;answer=95647<\/a><\/td>\n<\/tr>\n<tr>\n<td style=\"border-color:black;border-style:solid;border-width:1px;font-family:Arial, sans-serif;font-size:14px;overflow:hidden;padding:10px 5px;text-align:left;vertical-align:top;word-break:normal\">Internet Explorer<\/td>\n<td style=\"border-color:black;border-style:solid;border-width:1px;font-family:Arial, sans-serif;font-size:14px;overflow:hidden;padding:10px 5px;text-align:left;vertical-align:top;word-break:normal\"><a href=\"https:\/\/support.microsoft.com\/en-us\/help\/17442\/windows-internet-explorer-delete-manage-cookies\" target=\"_blank\" rel=\"noopener noreferrer\">https:\/\/support.microsoft.com\/en-us\/help\/17442\/windows-internet-explorer-delete-manage-cookies<\/a><\/td>\n<\/tr>\n<tr>\n<td style=\"border-color:black;border-style:solid;border-width:1px;font-family:Arial, sans-serif;font-size:14px;overflow:hidden;padding:10px 5px;text-align:left;vertical-align:top;word-break:normal\">Mozilla Firefox<\/td>\n<td style=\"border-color:black;border-style:solid;border-width:1px;font-family:Arial, sans-serif;font-size:14px;overflow:hidden;padding:10px 5px;text-align:left;vertical-align:top;word-break:normal\"><a href=\"http:\/\/support.mozilla.com\/en-US\/kb\/Cookies\" target=\"_blank\" rel=\"noopener noreferrer\">http:\/\/support.mozilla.com\/en-US\/kb\/Cookies<\/a><\/td>\n<\/tr>\n<tr>\n<td style=\"border-color:black;border-style:solid;border-width:1px;font-family:Arial, sans-serif;font-size:14px;overflow:hidden;padding:10px 5px;text-align:left;vertical-align:top;word-break:normal\">Opera<\/td>\n<td style=\"border-color:black;border-style:solid;border-width:1px;font-family:Arial, sans-serif;font-size:14px;overflow:hidden;padding:10px 5px;text-align:left;vertical-align:top;word-break:normal\"><a href=\"https:\/\/www.opera.com\/tr\/privacy\/cookies\" target=\"_blank\" rel=\"noopener noreferrer\">https:\/\/www.opera.com\/tr\/privacy\/cookies<\/a><\/td>\n<\/tr>\n<tr>\n<td style=\"border-color:black;border-style:solid;border-width:1px;font-family:Arial, sans-serif;font-size:14px;overflow:hidden;padding:10px 5px;text-align:left;vertical-align:top;word-break:normal\">Safari<\/td>\n<td style=\"border-color:black;border-style:solid;border-width:1px;font-family:Arial, sans-serif;font-size:14px;overflow:hidden;padding:10px 5px;text-align:left;vertical-align:top;word-break:normal\"><a href=\"https:\/\/support.apple.com\/kb\/ph19214?locale=tr_TR\" target=\"_blank\" rel=\"noopener noreferrer\">https:\/\/support.apple.com\/kb\/ph19214?locale=tr_TR<\/a><\/td>\n<\/tr>\n<\/tbody>\n<\/table>\n<h4>KULLANICI KABUL\u00dc<\/h4>\n<p>Taray\u0131c\u0131n\u0131zdan \u00c7erez ayarlar\u0131n\u0131z\u0131 de\u011fi\u015ftirmedi\u011finiz s\u00fcrece bu Web Sitesi\u2019nde \u00e7erez kullan\u0131m\u0131n\u0131 kabul etti\u011finizi varsayaca\u011f\u0131z.<br \/>\n\u00c7erezleri kabul etmedi\u011finiz takdirde, Web Sitemizden sa\u011fl\u0131kl\u0131 bir \u015fekilde yararlanabilece\u011finizi garanti etmiyoruz.<br \/>\nAssos \u0130la\u00e7 i\u015fbu \u00c7erez Politikas\u0131\u2019nda her zaman de\u011fi\u015fiklik yapma hakk\u0131na sahiptir. \u0130lgili ki\u015filer \u00c7erez Politikas\u0131\u2019n\u0131n g\u00fcncel haline her zaman https:\/\/www.garmastanpomat.com adresinden ula\u015fabilirler.<\/p>\n","protected":false},"excerpt":{"rendered":"<p>\u00c7EREZ POL\u0130T\u0130KASI AYDINLATMA METN\u0130 \u0130\u015fbu \u00c7erez Politikas\u0131 Ayd\u0131nlatma metni ile sahibi oldu\u011fumuz https:\/\/www.garmastanpomat.com internet sitesinin (\u201cWeb Sitesi\u201d) i\u015fletilmesi s\u0131ras\u0131nda sitemizi ziyaret eden siz de\u011ferli \u201cveri sahipleri\u201dnin<span class=\"excerpt-hellip\"> [\u2026]<\/span><\/p>\n","protected":false},"author":1,"featured_media":0,"parent":0,"menu_order":0,"comment_status":"closed","ping_status":"closed","template":"","meta":{"footnotes":""},"class_list":["post-263","page","type-page","status-publish","hentry"],"yoast_head":"<!-- This site is optimized with the Yoast SEO plugin v25.2 - https:\/\/yoast.com\/wordpress\/plugins\/seo\/ -->\n<title>\u00c7erez Politikas\u0131 Ayd\u0131nlatma Metni &#8211; Garmastan\u00ae Pomat<\/title>\n<meta name=\"robots\" content=\"index, follow, max-snippet:-1, max-image-preview:large, max-video-preview:-1\" \/>\n<link rel=\"canonical\" href=\"https:\/\/garmastanpomat.com\/index.php\/cerez-politikasi-aydinlatma-metni\/\" \/>\n<meta property=\"og:locale\" content=\"tr_TR\" \/>\n<meta property=\"og:type\" content=\"article\" \/>\n<meta property=\"og:title\" content=\"\u00c7erez Politikas\u0131 Ayd\u0131nlatma Metni &#8211; Garmastan\u00ae Pomat\" \/>\n<meta property=\"og:description\" content=\"\u00c7EREZ POL\u0130T\u0130KASI AYDINLATMA METN\u0130 \u0130\u015fbu \u00c7erez Politikas\u0131 Ayd\u0131nlatma metni ile sahibi oldu\u011fumuz https:\/\/www.garmastanpomat.com internet sitesinin (\u201cWeb Sitesi\u201d) i\u015fletilmesi s\u0131ras\u0131nda sitemizi ziyaret eden siz de\u011ferli \u201cveri sahipleri\u201dnin [\u2026]\" \/>\n<meta property=\"og:url\" content=\"https:\/\/garmastanpomat.com\/index.php\/cerez-politikasi-aydinlatma-metni\/\" \/>\n<meta property=\"og:site_name\" content=\"Garmastan\u00ae Pomat\" \/>\n<meta property=\"article:publisher\" content=\"https:\/\/www.facebook.com\/garmastanpomat\/\" \/>\n<meta property=\"article:modified_time\" content=\"2020-12-21T09:59:29+00:00\" \/>\n<meta name=\"twitter:card\" content=\"summary_large_image\" \/>\n<meta name=\"twitter:label1\" content=\"Tahmini okuma s\u00fcresi\" \/>\n\t<meta name=\"twitter:data1\" content=\"5 dakika\" \/>\n<script type=\"application\/ld+json\" class=\"yoast-schema-graph\">{\"@context\":\"https:\/\/schema.org\",\"@graph\":[{\"@type\":\"WebPage\",\"@id\":\"https:\/\/garmastanpomat.com\/index.php\/cerez-politikasi-aydinlatma-metni\/\",\"url\":\"https:\/\/garmastanpomat.com\/index.php\/cerez-politikasi-aydinlatma-metni\/\",\"name\":\"\u00c7erez Politikas\u0131 Ayd\u0131nlatma Metni &#8211; Garmastan\u00ae Pomat\",\"isPartOf\":{\"@id\":\"https:\/\/garmastanpomat.com\/#website\"},\"datePublished\":\"2020-11-24T13:55:09+00:00\",\"dateModified\":\"2020-12-21T09:59:29+00:00\",\"breadcrumb\":{\"@id\":\"https:\/\/garmastanpomat.com\/index.php\/cerez-politikasi-aydinlatma-metni\/#breadcrumb\"},\"inLanguage\":\"tr\",\"potentialAction\":[{\"@type\":\"ReadAction\",\"target\":[\"https:\/\/garmastanpomat.com\/index.php\/cerez-politikasi-aydinlatma-metni\/\"]}]},{\"@type\":\"BreadcrumbList\",\"@id\":\"https:\/\/garmastanpomat.com\/index.php\/cerez-politikasi-aydinlatma-metni\/#breadcrumb\",\"itemListElement\":[{\"@type\":\"ListItem\",\"position\":1,\"name\":\"Anasayfa\",\"item\":\"https:\/\/garmastanpomat.com\/\"},{\"@type\":\"ListItem\",\"position\":2,\"name\":\"\u00c7erez Politikas\u0131 Ayd\u0131nlatma Metni\"}]},{\"@type\":\"WebSite\",\"@id\":\"https:\/\/garmastanpomat.com\/#website\",\"url\":\"https:\/\/garmastanpomat.com\/\",\"name\":\"Garmastan\u00ae Pomat\",\"description\":\"Kesintisiz Emzirme \u0130\u00e7in\",\"publisher\":{\"@id\":\"https:\/\/garmastanpomat.com\/#organization\"},\"potentialAction\":[{\"@type\":\"SearchAction\",\"target\":{\"@type\":\"EntryPoint\",\"urlTemplate\":\"https:\/\/garmastanpomat.com\/?s={search_term_string}\"},\"query-input\":{\"@type\":\"PropertyValueSpecification\",\"valueRequired\":true,\"valueName\":\"search_term_string\"}}],\"inLanguage\":\"tr\"},{\"@type\":\"Organization\",\"@id\":\"https:\/\/garmastanpomat.com\/#organization\",\"name\":\"Garmastan Pomat\",\"url\":\"https:\/\/garmastanpomat.com\/\",\"logo\":{\"@type\":\"ImageObject\",\"inLanguage\":\"tr\",\"@id\":\"https:\/\/garmastanpomat.com\/#\/schema\/logo\/image\/\",\"url\":\"https:\/\/garmastanpomat.com\/wp-content\/uploads\/2021\/06\/Garmastan.png\",\"contentUrl\":\"https:\/\/garmastanpomat.com\/wp-content\/uploads\/2021\/06\/Garmastan.png\",\"width\":613,\"height\":163,\"caption\":\"Garmastan Pomat\"},\"image\":{\"@id\":\"https:\/\/garmastanpomat.com\/#\/schema\/logo\/image\/\"},\"sameAs\":[\"https:\/\/www.facebook.com\/garmastanpomat\/\",\"https:\/\/www.instagram.com\/garmastanpomat\/\",\"https:\/\/www.linkedin.com\/company\/15178523\/admin\/\"]}]}<\/script>\n<!-- \/ Yoast SEO plugin. -->","yoast_head_json":{"title":"\u00c7erez Politikas\u0131 Ayd\u0131nlatma Metni &#8211; Garmastan\u00ae Pomat","robots":{"index":"index","follow":"follow","max-snippet":"max-snippet:-1","max-image-preview":"max-image-preview:large","max-video-preview":"max-video-preview:-1"},"canonical":"https:\/\/garmastanpomat.com\/index.php\/cerez-politikasi-aydinlatma-metni\/","og_locale":"tr_TR","og_type":"article","og_title":"\u00c7erez Politikas\u0131 Ayd\u0131nlatma Metni &#8211; Garmastan\u00ae Pomat","og_description":"\u00c7EREZ POL\u0130T\u0130KASI AYDINLATMA METN\u0130 \u0130\u015fbu \u00c7erez Politikas\u0131 Ayd\u0131nlatma metni ile sahibi oldu\u011fumuz https:\/\/www.garmastanpomat.com internet sitesinin (\u201cWeb Sitesi\u201d) i\u015fletilmesi s\u0131ras\u0131nda sitemizi ziyaret eden siz de\u011ferli \u201cveri sahipleri\u201dnin [\u2026]","og_url":"https:\/\/garmastanpomat.com\/index.php\/cerez-politikasi-aydinlatma-metni\/","og_site_name":"Garmastan\u00ae Pomat","article_publisher":"https:\/\/www.facebook.com\/garmastanpomat\/","article_modified_time":"2020-12-21T09:59:29+00:00","twitter_card":"summary_large_image","twitter_misc":{"Tahmini okuma s\u00fcresi":"5 dakika"},"schema":{"@context":"https:\/\/schema.org","@graph":[{"@type":"WebPage","@id":"https:\/\/garmastanpomat.com\/index.php\/cerez-politikasi-aydinlatma-metni\/","url":"https:\/\/garmastanpomat.com\/index.php\/cerez-politikasi-aydinlatma-metni\/","name":"\u00c7erez Politikas\u0131 Ayd\u0131nlatma Metni &#8211; Garmastan\u00ae Pomat","isPartOf":{"@id":"https:\/\/garmastanpomat.com\/#website"},"datePublished":"2020-11-24T13:55:09+00:00","dateModified":"2020-12-21T09:59:29+00:00","breadcrumb":{"@id":"https:\/\/garmastanpomat.com\/index.php\/cerez-politikasi-aydinlatma-metni\/#breadcrumb"},"inLanguage":"tr","potentialAction":[{"@type":"ReadAction","target":["https:\/\/garmastanpomat.com\/index.php\/cerez-politikasi-aydinlatma-metni\/"]}]},{"@type":"BreadcrumbList","@id":"https:\/\/garmastanpomat.com\/index.php\/cerez-politikasi-aydinlatma-metni\/#breadcrumb","itemListElement":[{"@type":"ListItem","position":1,"name":"Anasayfa","item":"https:\/\/garmastanpomat.com\/"},{"@type":"ListItem","position":2,"name":"\u00c7erez Politikas\u0131 Ayd\u0131nlatma Metni"}]},{"@type":"WebSite","@id":"https:\/\/garmastanpomat.com\/#website","url":"https:\/\/garmastanpomat.com\/","name":"Garmastan\u00ae Pomat","description":"Kesintisiz Emzirme \u0130\u00e7in","publisher":{"@id":"https:\/\/garmastanpomat.com\/#organization"},"potentialAction":[{"@type":"SearchAction","target":{"@type":"EntryPoint","urlTemplate":"https:\/\/garmastanpomat.com\/?s={search_term_string}"},"query-input":{"@type":"PropertyValueSpecification","valueRequired":true,"valueName":"search_term_string"}}],"inLanguage":"tr"},{"@type":"Organization","@id":"https:\/\/garmastanpomat.com\/#organization","name":"Garmastan Pomat","url":"https:\/\/garmastanpomat.com\/","logo":{"@type":"ImageObject","inLanguage":"tr","@id":"https:\/\/garmastanpomat.com\/#\/schema\/logo\/image\/","url":"https:\/\/garmastanpomat.com\/wp-content\/uploads\/2021\/06\/Garmastan.png","contentUrl":"https:\/\/garmastanpomat.com\/wp-content\/uploads\/2021\/06\/Garmastan.png","width":613,"height":163,"caption":"Garmastan Pomat"},"image":{"@id":"https:\/\/garmastanpomat.com\/#\/schema\/logo\/image\/"},"sameAs":["https:\/\/www.facebook.com\/garmastanpomat\/","https:\/\/www.instagram.com\/garmastanpomat\/","https:\/\/www.linkedin.com\/company\/15178523\/admin\/"]}]}},"_links":{"self":[{"href":"https:\/\/garmastanpomat.com\/index.php\/wp-json\/wp\/v2\/pages\/263","targetHints":{"allow":["GET"]}}],"collection":[{"href":"https:\/\/garmastanpomat.com\/index.php\/wp-json\/wp\/v2\/pages"}],"about":[{"href":"https:\/\/garmastanpomat.com\/index.php\/wp-json\/wp\/v2\/types\/page"}],"author":[{"embeddable":true,"href":"https:\/\/garmastanpomat.com\/index.php\/wp-json\/wp\/v2\/users\/1"}],"replies":[{"embeddable":true,"href":"https:\/\/garmastanpomat.com\/index.php\/wp-json\/wp\/v2\/comments?post=263"}],"version-history":[{"count":6,"href":"https:\/\/garmastanpomat.com\/index.php\/wp-json\/wp\/v2\/pages\/263\/revisions"}],"predecessor-version":[{"id":271,"href":"https:\/\/garmastanpomat.com\/index.php\/wp-json\/wp\/v2\/pages\/263\/revisions\/271"}],"wp:attachment":[{"href":"https:\/\/garmastanpomat.com\/index.php\/wp-json\/wp\/v2\/media?parent=263"}],"curies":[{"name":"wp","href":"https:\/\/api.w.org\/{rel}","templated":true}]}}