{"id":274,"date":"2020-12-21T10:06:21","date_gmt":"2020-12-21T10:06:21","guid":{"rendered":"http:\/\/garmastanpomat.com\/?page_id=274"},"modified":"2020-12-21T10:06:21","modified_gmt":"2020-12-21T10:06:21","slug":"web-sitesi-kullanim-kosullari-sozlesmesi","status":"publish","type":"page","link":"https:\/\/garmastanpomat.com\/index.php\/web-sitesi-kullanim-kosullari-sozlesmesi\/","title":{"rendered":"Web Sitesi Kullan\u0131m Ko\u015fullar\u0131 S\u00f6zle\u015fmesi"},"content":{"rendered":"<p>\u0130\u015fbu web sitesini kullanmakla a\u015fa\u011f\u0131da yer alan ko\u015fullar\u0131 kabul etmektesiniz. Web sitesini kullanmadan \u00f6nce l\u00fctfen a\u015fa\u011f\u0131daki Web Sitesi Kullan\u0131m Ko\u015fullar\u0131 S\u00f6zle\u015fmesi\u2019ni dikkatle okuyunuz.<\/p>\n<h4>WEB S\u0130TES\u0130 KULLANIM KO\u015eULLARI S\u00d6ZLE\u015eMES\u0130<\/h4>\n<p>www.garmastanpomat.com web sitesi Assos \u0130la\u00e7 Kimya G\u0131da \u00dcr\u00fcnleri \u00dcretim ve Ticaret Anonim \u015eirketi (Bundan b\u00f6yle \u201cAssos \u0130la\u00e7\u201d olarak an\u0131lacakt\u0131r)\u2019ne aittir. Web sitesinde yer alan i\u00e7erik t\u00fcm\u00fcyle Assos \u0130la\u00e7\u2019a ait olup teknik hususlar Eren Dijital Yaz\u0131l\u0131m Reklam ve Dan\u0131\u015fmanl\u0131k Tic. Ltd. \u015eti. (Bundan b\u00f6yle \u201cAjans\u201d olarak an\u0131lacakt\u0131r) taraf\u0131ndan yerine getirilmektedir. Bu web sitesinde yer alan i\u00e7erik yaln\u0131zca e\u011fitici ama\u00e7la ve \u00fcr\u00fcn hakk\u0131nda genel bir bilgi sunulmas\u0131 amac\u0131yla haz\u0131rlanm\u0131\u015ft\u0131r. Bu i\u00e7erik hi\u00e7bir \u015fekilde \u00fcr\u00fcn\u00fcm\u00fczle, genel sa\u011fl\u0131kla ve endikasyonlarla ilgili tavsiye amac\u0131n\u0131 ta\u015f\u0131mamaktad\u0131r. Ayr\u0131ca i\u015fbu web sitesinde yer alan bilgiler t\u0131bbi tan\u0131 ya da tedaviye ili\u015fkin tavsiye niteli\u011fi ta\u015f\u0131mamakta ve hi\u00e7bir \u015fekilde hekim tavsiyesinin yerine ge\u00e7me amac\u0131 da g\u00fctmemektedir. Bu sebeple her durumda doktorunuza ve eczac\u0131n\u0131za dan\u0131\u015fman\u0131z gerekti\u011fini belirtmek isteriz.<\/p>\n<p><strong>\u0130\u015fbu web sitesi ve bu web sitesinde yer alan t\u00fcm i\u00e7erik mevzuata uygun olarak haz\u0131rlanm\u0131\u015ft\u0131r. <\/strong><\/p>\n<p>\u0130\u015fbu web sitesini ziyaret etmekle i\u015fbu s\u00f6zle\u015fmede belirlenen \u015fartlar kapsam\u0131nda hareket etmeyi ve bu ko\u015fullara uymay\u0131 kabul etmektesiniz. Assos \u0130la\u00e7 bu s\u00f6zle\u015fmede yer alan ko\u015fullar\u0131 ve yine i\u015fbu web sitesinde yer alan t\u00fcm hukuki metinleri gerekli g\u00f6rd\u00fc\u011f\u00fc takdirde, ziyaret\u00e7ilere herhangi bir bildirimde bulunmaks\u0131z\u0131n de\u011fi\u015ftirme hakk\u0131n\u0131 sakl\u0131 tutmaktad\u0131r. \u0130\u015fbu s\u00f6zle\u015fmenin g\u00fcncel haline her zaman web sitemizde yer alan link arac\u0131l\u0131\u011f\u0131yla ula\u015fabilirsiniz. \u0130\u015fbu web sitesine giri\u015f yapman\u0131z s\u00f6zle\u015fme ko\u015fullar\u0131n\u0131 ve s\u00f6zle\u015fmede herhangi bir zamanda meydana gelebilecek de\u011fi\u015fiklikleri kabul etti\u011finiz anlam\u0131na gelmektedir. <\/p>\n<p>Bu web sitesinde yer alan i\u00e7erik Assos \u0130la\u00e7\u2019a aittir. Bu i\u00e7erik yaln\u0131zca T\u00fcrkiye\u2019de yerle\u015fik kullan\u0131c\u0131lara y\u00f6neliktir. \u0130\u015fbu web sitesine T\u00fcrkiye Cumhuriyeti s\u0131n\u0131rlar\u0131 d\u0131\u015f\u0131ndan herhangi bir yerden eri\u015fim sa\u011flanmas\u0131 halinde, kanunlara uygunluk ziyaret\u00e7i taraf\u0131ndan teyit edilmelidir; b\u00f6yle bir kullan\u0131mda do\u011facak sorumluluk t\u00fcm\u00fcyle ziyaret\u00e7iye aittir. Bu web sitesinde yer alan bilgilere eri\u015fim ve bilgileri kullan\u0131m i\u015fbu s\u00f6zle\u015fmeye ve y\u00fcr\u00fcrl\u00fckte bulunan T\u00fcrkiye Cumhuriyeti mevzuat\u0131na tabidir. S\u00f6zle\u015fmede yer alan h\u00fck\u00fcmlerin y\u00fcr\u00fcrl\u00fckteki yahut y\u00fcr\u00fcrl\u00fc\u011fe girecek yasalara g\u00f6re hukuka ayk\u0131r\u0131 ya da ge\u00e7ersiz oldu\u011fu tespit olunursa; hukuka ayk\u0131r\u0131 ya da ge\u00e7ersiz oldu\u011fu tespit olunan maddeler di\u011fer maddelerin ge\u00e7erlili\u011fini etkilemez ve ayr\u0131 de\u011ferlendirilirler. Web Sitesi, i\u00e7eri\u011fi ve i\u015fbu kullan\u0131m ko\u015fullar\u0131 s\u00f6zle\u015fmesine ili\u015fkin uyu\u015fmazl\u0131klar T\u00fcrkiye Cumhuriyeti yarg\u0131 yetkisine tabidir.<\/p>\n<p>\u0130\u015fbu web sitesinde yer alan bilgilendirmeler yeni bilimsel geli\u015fmelere paralel olarak de\u011fi\u015febilir. Bu web sitesinde yer alan bilgilendirmeler en g\u00fcncel uygulamalar\u0131 ve\/veya g\u00f6r\u00fc\u015fleri i\u00e7ermeyebilir. \u0130\u015fbu web sitesinde alan\u0131nda uzman ki\u015filerin fikirlerine, \u00e7al\u0131\u015fmalar\u0131na, bas\u0131nda yer alan beyanlar\u0131na ve\/veya makalelerine tamamen veya k\u0131smen yer verilebilir, al\u0131nt\u0131larda bulunulabilir. Web sitesinde yer verilen ilgili uzmanlar\u0131n g\u00f6r\u00fc\u015fleri Assos \u0130la\u00e7\u2019\u0131n hi\u00e7bir \u015fekilde g\u00f6r\u00fc\u015f\u00fcn\u00fc yans\u0131tmamakta olup Assos \u0130la\u00e7 s\u00f6z konusu fikir, \u00e7al\u0131\u015fma, beyan ve\/veya makalelerin do\u011frulu\u011fundan, eksik olmas\u0131ndan veya g\u00fcncel olmamas\u0131ndan sorumlu tutulamaz.<\/p>\n<p>\u0130\u015fbu web sitesine internet eri\u015fiminiz veya bu web sitesinde yer alan herhangi bir bilgi i\u00e7erik ve sair unsurlarla bu web sitesinde yer alan linklerin kullan\u0131m\u0131ndan yahut web sitesine eri\u015fememeniz nedeniyle do\u011fabilecek her t\u00fcrl\u00fc zarardan dolay\u0131 Assos \u0130la\u00e7 sorumlu tutulamaz. <\/p>\n<p>Bu web sitesinde yer alan bilgiler do\u011frultusunda hareket etmeniz sonucunda do\u011fabilecek hi\u00e7bir zarardan Assos \u0130la\u00e7 sorumlu tutulamaz. Bu web sitesinde yer alan bilgilerin kullan\u0131m\u0131yla ilgili riskleri de\u011ferlendirmeniz ve t\u00fcm riskleri g\u00f6z \u00f6n\u00fcnde bulundurman\u0131z gerekmektedir. Ayr\u0131ca Assos \u0130la\u00e7 bu web sitesinde yer alan bir i\u00e7eri\u011fi kullanman\u0131z veya herhangi bir i\u00e7eri\u011fe itibar etmeniz neticesinde do\u011fabilecek do\u011frudan ya da dolayl\u0131 hi\u00e7bir zarardan sorumlu tutulamaz.<\/p>\n<p>Bu web sitesine do\u011frudan ya da dolayl\u0131 olarak ki\u015fisel bilgileriniz i\u015flenebilmektedir. Buna ili\u015fkin ayd\u0131nlatma metnini web sitesinde yer alan Gizlilik Politikas\u0131\u2019ndan eri\u015febilirsiniz <\/p>\n<p>Bu web sitesinden \u00fc\u00e7\u00fcnc\u00fc ki\u015filere ait web sitelerine link verilebilmektedir, bu linklerde yer alan i\u00e7erikten Assos \u0130la\u00e7 sorumlu de\u011fildir. Ziyaret\u00e7iler ilgili linklere t\u0131klamakla olas\u0131 riskleri kendileri \u00fcstlenmekte olduklar\u0131n\u0131 kabul ve taahh\u00fct ederler. Assos \u0130la\u00e7\u2019\u0131n  \u00fc\u00e7\u00fcnc\u00fc ki\u015filere ait web sitesi linklerine yer vermesi web sitesi i\u00e7eriklerini ve\/veya s\u00f6z konusu web sitesinin kullan\u0131m\u0131n\u0131 onaylad\u0131\u011f\u0131 anlam\u0131n\u0131 ta\u015f\u0131mamaktad\u0131r.<\/p>\n<p>Bu web sitesi i\u00e7erisindeki t\u00fcm g\u00f6rseller, videolar, tasar\u0131mlar, aray\u00fczler, kullan\u0131c\u0131 kontrolleri, s\u00fcre\u00e7ler ve programlar ile Assos \u0130la\u00e7\u2019a ait tescilli t\u00fcm markalar, ticaret unvanlar\u0131, logolar ve hizmet markalar\u0131 Assos \u0130la\u00e7\u2019\u0131n yaz\u0131l\u0131 izni olmaks\u0131z\u0131n kullan\u0131lamaz, \u00e7o\u011falt\u0131lamaz, yay\u0131nlanamaz, kopyalanamaz, i\u00e7eri\u011fi de\u011fi\u015ftirilemez, indirilemez, niteliksel olarak farkl\u0131la\u015ft\u0131r\u0131lamaz, da\u011f\u0131t\u0131lamaz ve\/veya herhangi bir \u015fekilde ticari kullan\u0131ma konu edilemezler. Assos \u0130la\u00e7 i\u015fbu web sitesi ve i\u00e7eri\u011finde yer alan fikri m\u00fclkiyet haklar\u0131n\u0131 korumak amac\u0131yla her t\u00fcrl\u00fc hukuki ve cezai yola ba\u015fvurabilecektir. <\/p>\n<p>\u0130\u015fbu web sitesinde yer alan bilgilerin yay\u0131n tarihi itibar\u0131yla g\u00fcncel ve do\u011fru olsalar bile zaman i\u00e7erisinde bu \u00f6zelliklerini kaybetmi\u015f olabilecekleri hususunu bildiririz. Dolay\u0131s\u0131yla bu web sitesinden edinece\u011finiz t\u00fcm bilgilerin do\u011fruluklar\u0131n\u0131 teyit etmeniz gerekmektedir.<\/p>\n<p>Bu web sitesinde yer alan yaz\u0131lar tavsiye niteli\u011finde olup hi\u00e7bir \u015fekilde hekim tavsiyesi yerine ge\u00e7memektedir. Bu web sitesinde yer alan \u00fcr\u00fcn\/\u00fcr\u00fcnlerle ilgili herhangi bir tavsiye veya y\u00f6nlendirmeye ihtiya\u00e7 duydu\u011funuzda do\u011frudan Assos \u0130la\u00e7\u2019la ileti\u015fime ge\u00e7meniz tavsiye olunur. <\/p>\n<p>\u0130\u015fbu web sitesini kullanmay\u0131 sonland\u0131rman\u0131z ve web sitesinden ald\u0131\u011f\u0131n\u0131z i\u00e7eriklerin t\u00fcm\u00fcn\u00fc imha etmeniz halinde i\u015fbu s\u00f6zle\u015fme sona erecektir. Ayr\u0131ca s\u00f6zle\u015fme ko\u015fullar\u0131n\u0131 ihlal etmeniz halinde Assos \u0130la\u00e7 i\u015fbu web sitesine eri\u015fiminizi engelleme hakk\u0131na da sahiptir.<\/p>\n<p>\u0130\u015fbu s\u00f6zle\u015fme gere\u011fi, ihmal de d\u00e2hil olmak \u00fczere haks\u0131z fiil ve hukuka ayk\u0131r\u0131 t\u00fcm faaliyetleriniz sonucunda, Kanun uyar\u0131nca do\u011fabilecek t\u00fcm ihtil\u00e2flar, dava ve takiplerde m\u00fcnhas\u0131ran ve sadece \u0130stanbul Anadolu Mahkemeleri ve \u0130cra Daireleri yetkili olacakt\u0131r. <\/p>\n","protected":false},"excerpt":{"rendered":"<p>\u0130\u015fbu web sitesini kullanmakla a\u015fa\u011f\u0131da yer alan ko\u015fullar\u0131 kabul etmektesiniz. Web sitesini kullanmadan \u00f6nce l\u00fctfen a\u015fa\u011f\u0131daki Web Sitesi Kullan\u0131m Ko\u015fullar\u0131 S\u00f6zle\u015fmesi\u2019ni dikkatle okuyunuz. WEB S\u0130TES\u0130 KULLANIM<span class=\"excerpt-hellip\"> [\u2026]<\/span><\/p>\n","protected":false},"author":1,"featured_media":0,"parent":0,"menu_order":0,"comment_status":"closed","ping_status":"closed","template":"","meta":{"footnotes":""},"class_list":["post-274","page","type-page","status-publish","hentry"],"yoast_head":"<!-- This site is optimized with the Yoast SEO plugin v25.2 - https:\/\/yoast.com\/wordpress\/plugins\/seo\/ -->\n<title>Web Sitesi Kullan\u0131m Ko\u015fullar\u0131 S\u00f6zle\u015fmesi &#8211; Garmastan\u00ae Pomat<\/title>\n<meta name=\"robots\" content=\"index, follow, max-snippet:-1, max-image-preview:large, max-video-preview:-1\" \/>\n<link rel=\"canonical\" href=\"https:\/\/garmastanpomat.com\/index.php\/web-sitesi-kullanim-kosullari-sozlesmesi\/\" \/>\n<meta property=\"og:locale\" content=\"tr_TR\" \/>\n<meta property=\"og:type\" content=\"article\" \/>\n<meta property=\"og:title\" content=\"Web Sitesi Kullan\u0131m Ko\u015fullar\u0131 S\u00f6zle\u015fmesi &#8211; Garmastan\u00ae Pomat\" \/>\n<meta property=\"og:description\" content=\"\u0130\u015fbu web sitesini kullanmakla a\u015fa\u011f\u0131da yer alan ko\u015fullar\u0131 kabul etmektesiniz. Web sitesini kullanmadan \u00f6nce l\u00fctfen a\u015fa\u011f\u0131daki Web Sitesi Kullan\u0131m Ko\u015fullar\u0131 S\u00f6zle\u015fmesi\u2019ni dikkatle okuyunuz. WEB S\u0130TES\u0130 KULLANIM [\u2026]\" \/>\n<meta property=\"og:url\" content=\"https:\/\/garmastanpomat.com\/index.php\/web-sitesi-kullanim-kosullari-sozlesmesi\/\" \/>\n<meta property=\"og:site_name\" content=\"Garmastan\u00ae Pomat\" \/>\n<meta property=\"article:publisher\" content=\"https:\/\/www.facebook.com\/garmastanpomat\/\" \/>\n<meta name=\"twitter:card\" content=\"summary_large_image\" \/>\n<meta name=\"twitter:label1\" content=\"Tahmini okuma s\u00fcresi\" \/>\n\t<meta name=\"twitter:data1\" content=\"6 dakika\" \/>\n<script type=\"application\/ld+json\" class=\"yoast-schema-graph\">{\"@context\":\"https:\/\/schema.org\",\"@graph\":[{\"@type\":\"WebPage\",\"@id\":\"https:\/\/garmastanpomat.com\/index.php\/web-sitesi-kullanim-kosullari-sozlesmesi\/\",\"url\":\"https:\/\/garmastanpomat.com\/index.php\/web-sitesi-kullanim-kosullari-sozlesmesi\/\",\"name\":\"Web Sitesi Kullan\u0131m Ko\u015fullar\u0131 S\u00f6zle\u015fmesi &#8211; Garmastan\u00ae Pomat\",\"isPartOf\":{\"@id\":\"https:\/\/garmastanpomat.com\/#website\"},\"datePublished\":\"2020-12-21T10:06:21+00:00\",\"breadcrumb\":{\"@id\":\"https:\/\/garmastanpomat.com\/index.php\/web-sitesi-kullanim-kosullari-sozlesmesi\/#breadcrumb\"},\"inLanguage\":\"tr\",\"potentialAction\":[{\"@type\":\"ReadAction\",\"target\":[\"https:\/\/garmastanpomat.com\/index.php\/web-sitesi-kullanim-kosullari-sozlesmesi\/\"]}]},{\"@type\":\"BreadcrumbList\",\"@id\":\"https:\/\/garmastanpomat.com\/index.php\/web-sitesi-kullanim-kosullari-sozlesmesi\/#breadcrumb\",\"itemListElement\":[{\"@type\":\"ListItem\",\"position\":1,\"name\":\"Anasayfa\",\"item\":\"https:\/\/garmastanpomat.com\/\"},{\"@type\":\"ListItem\",\"position\":2,\"name\":\"Web Sitesi Kullan\u0131m Ko\u015fullar\u0131 S\u00f6zle\u015fmesi\"}]},{\"@type\":\"WebSite\",\"@id\":\"https:\/\/garmastanpomat.com\/#website\",\"url\":\"https:\/\/garmastanpomat.com\/\",\"name\":\"Garmastan\u00ae Pomat\",\"description\":\"Kesintisiz Emzirme \u0130\u00e7in\",\"publisher\":{\"@id\":\"https:\/\/garmastanpomat.com\/#organization\"},\"potentialAction\":[{\"@type\":\"SearchAction\",\"target\":{\"@type\":\"EntryPoint\",\"urlTemplate\":\"https:\/\/garmastanpomat.com\/?s={search_term_string}\"},\"query-input\":{\"@type\":\"PropertyValueSpecification\",\"valueRequired\":true,\"valueName\":\"search_term_string\"}}],\"inLanguage\":\"tr\"},{\"@type\":\"Organization\",\"@id\":\"https:\/\/garmastanpomat.com\/#organization\",\"name\":\"Garmastan Pomat\",\"url\":\"https:\/\/garmastanpomat.com\/\",\"logo\":{\"@type\":\"ImageObject\",\"inLanguage\":\"tr\",\"@id\":\"https:\/\/garmastanpomat.com\/#\/schema\/logo\/image\/\",\"url\":\"https:\/\/garmastanpomat.com\/wp-content\/uploads\/2021\/06\/Garmastan.png\",\"contentUrl\":\"https:\/\/garmastanpomat.com\/wp-content\/uploads\/2021\/06\/Garmastan.png\",\"width\":613,\"height\":163,\"caption\":\"Garmastan Pomat\"},\"image\":{\"@id\":\"https:\/\/garmastanpomat.com\/#\/schema\/logo\/image\/\"},\"sameAs\":[\"https:\/\/www.facebook.com\/garmastanpomat\/\",\"https:\/\/www.instagram.com\/garmastanpomat\/\",\"https:\/\/www.linkedin.com\/company\/15178523\/admin\/\"]}]}<\/script>\n<!-- \/ Yoast SEO plugin. -->","yoast_head_json":{"title":"Web Sitesi Kullan\u0131m Ko\u015fullar\u0131 S\u00f6zle\u015fmesi &#8211; Garmastan\u00ae Pomat","robots":{"index":"index","follow":"follow","max-snippet":"max-snippet:-1","max-image-preview":"max-image-preview:large","max-video-preview":"max-video-preview:-1"},"canonical":"https:\/\/garmastanpomat.com\/index.php\/web-sitesi-kullanim-kosullari-sozlesmesi\/","og_locale":"tr_TR","og_type":"article","og_title":"Web Sitesi Kullan\u0131m Ko\u015fullar\u0131 S\u00f6zle\u015fmesi &#8211; Garmastan\u00ae Pomat","og_description":"\u0130\u015fbu web sitesini kullanmakla a\u015fa\u011f\u0131da yer alan ko\u015fullar\u0131 kabul etmektesiniz. Web sitesini kullanmadan \u00f6nce l\u00fctfen a\u015fa\u011f\u0131daki Web Sitesi Kullan\u0131m Ko\u015fullar\u0131 S\u00f6zle\u015fmesi\u2019ni dikkatle okuyunuz. WEB S\u0130TES\u0130 KULLANIM [\u2026]","og_url":"https:\/\/garmastanpomat.com\/index.php\/web-sitesi-kullanim-kosullari-sozlesmesi\/","og_site_name":"Garmastan\u00ae Pomat","article_publisher":"https:\/\/www.facebook.com\/garmastanpomat\/","twitter_card":"summary_large_image","twitter_misc":{"Tahmini okuma s\u00fcresi":"6 dakika"},"schema":{"@context":"https:\/\/schema.org","@graph":[{"@type":"WebPage","@id":"https:\/\/garmastanpomat.com\/index.php\/web-sitesi-kullanim-kosullari-sozlesmesi\/","url":"https:\/\/garmastanpomat.com\/index.php\/web-sitesi-kullanim-kosullari-sozlesmesi\/","name":"Web Sitesi Kullan\u0131m Ko\u015fullar\u0131 S\u00f6zle\u015fmesi &#8211; Garmastan\u00ae Pomat","isPartOf":{"@id":"https:\/\/garmastanpomat.com\/#website"},"datePublished":"2020-12-21T10:06:21+00:00","breadcrumb":{"@id":"https:\/\/garmastanpomat.com\/index.php\/web-sitesi-kullanim-kosullari-sozlesmesi\/#breadcrumb"},"inLanguage":"tr","potentialAction":[{"@type":"ReadAction","target":["https:\/\/garmastanpomat.com\/index.php\/web-sitesi-kullanim-kosullari-sozlesmesi\/"]}]},{"@type":"BreadcrumbList","@id":"https:\/\/garmastanpomat.com\/index.php\/web-sitesi-kullanim-kosullari-sozlesmesi\/#breadcrumb","itemListElement":[{"@type":"ListItem","position":1,"name":"Anasayfa","item":"https:\/\/garmastanpomat.com\/"},{"@type":"ListItem","position":2,"name":"Web Sitesi Kullan\u0131m Ko\u015fullar\u0131 S\u00f6zle\u015fmesi"}]},{"@type":"WebSite","@id":"https:\/\/garmastanpomat.com\/#website","url":"https:\/\/garmastanpomat.com\/","name":"Garmastan\u00ae Pomat","description":"Kesintisiz Emzirme \u0130\u00e7in","publisher":{"@id":"https:\/\/garmastanpomat.com\/#organization"},"potentialAction":[{"@type":"SearchAction","target":{"@type":"EntryPoint","urlTemplate":"https:\/\/garmastanpomat.com\/?s={search_term_string}"},"query-input":{"@type":"PropertyValueSpecification","valueRequired":true,"valueName":"search_term_string"}}],"inLanguage":"tr"},{"@type":"Organization","@id":"https:\/\/garmastanpomat.com\/#organization","name":"Garmastan Pomat","url":"https:\/\/garmastanpomat.com\/","logo":{"@type":"ImageObject","inLanguage":"tr","@id":"https:\/\/garmastanpomat.com\/#\/schema\/logo\/image\/","url":"https:\/\/garmastanpomat.com\/wp-content\/uploads\/2021\/06\/Garmastan.png","contentUrl":"https:\/\/garmastanpomat.com\/wp-content\/uploads\/2021\/06\/Garmastan.png","width":613,"height":163,"caption":"Garmastan Pomat"},"image":{"@id":"https:\/\/garmastanpomat.com\/#\/schema\/logo\/image\/"},"sameAs":["https:\/\/www.facebook.com\/garmastanpomat\/","https:\/\/www.instagram.com\/garmastanpomat\/","https:\/\/www.linkedin.com\/company\/15178523\/admin\/"]}]}},"_links":{"self":[{"href":"https:\/\/garmastanpomat.com\/index.php\/wp-json\/wp\/v2\/pages\/274","targetHints":{"allow":["GET"]}}],"collection":[{"href":"https:\/\/garmastanpomat.com\/index.php\/wp-json\/wp\/v2\/pages"}],"about":[{"href":"https:\/\/garmastanpomat.com\/index.php\/wp-json\/wp\/v2\/types\/page"}],"author":[{"embeddable":true,"href":"https:\/\/garmastanpomat.com\/index.php\/wp-json\/wp\/v2\/users\/1"}],"replies":[{"embeddable":true,"href":"https:\/\/garmastanpomat.com\/index.php\/wp-json\/wp\/v2\/comments?post=274"}],"version-history":[{"count":1,"href":"https:\/\/garmastanpomat.com\/index.php\/wp-json\/wp\/v2\/pages\/274\/revisions"}],"predecessor-version":[{"id":275,"href":"https:\/\/garmastanpomat.com\/index.php\/wp-json\/wp\/v2\/pages\/274\/revisions\/275"}],"wp:attachment":[{"href":"https:\/\/garmastanpomat.com\/index.php\/wp-json\/wp\/v2\/media?parent=274"}],"curies":[{"name":"wp","href":"https:\/\/api.w.org\/{rel}","templated":true}]}}