{"id":278,"date":"2020-12-21T12:31:16","date_gmt":"2020-12-21T12:31:16","guid":{"rendered":"http:\/\/garmastanpomat.com\/?page_id=278"},"modified":"2020-12-23T07:08:33","modified_gmt":"2020-12-23T07:08:33","slug":"basvuru-formu","status":"publish","type":"page","link":"https:\/\/garmastanpomat.com\/index.php\/basvuru-formu\/","title":{"rendered":"Ba\u015fvuru Formu"},"content":{"rendered":"<h4>VER\u0130 SORUMLUSUNA BA\u015eVURU FORMU<\/h4>\n<p>Bu Ba\u015fvuru Formu, 7 Nisan 2016 tarihli 29677 say\u0131l\u0131 Resmi Gazetede yay\u0131mlanan 6698 say\u0131l\u0131 Ki\u015fisel Verilerin Korunmas\u0131 Kanununa (bundan b\u00f6yle \u201cKanun\u201d olarak an\u0131lacakt\u0131r) ve 10 Mart 2018 tarihli 30356 say\u0131l\u0131 Resmi Gazetede yay\u0131mlanan Veri Sorumlusuna Ba\u015fvuru Usul ve Esaslar\u0131 Hakk\u0131nda Tebli\u011fe uygun olarak haz\u0131rlanm\u0131\u015ft\u0131r.<br \/>\nBu Ba\u015fvuru Formu ile Kanun\u2019un 11. maddesi ile taraf\u0131n\u0131za tan\u0131nan ba\u015fvuru hakk\u0131 kapsam\u0131nda veri sorumlusu s\u0131fat\u0131na haiz Assos \u0130la\u00e7, Kimya, G\u0131da \u00dcr\u00fcnleri, \u00dcretim ve Tic. A.\u015e.\u2019ye ba\u015fvurmu\u015f olacaks\u0131n\u0131z.<\/p>\n<table style=\"border-collapse:collapse;border-spacing:0\" class=\"tg\">\n<thead>\n<tr>\n<th style=\"border-color:inherit;border-style:solid;border-width:1px;font-family:Arial, sans-serif;font-size:14px;font-weight:normal;overflow:hidden;padding:10px 5px;text-align:left;vertical-align:top;word-break:normal\">Ad-Soyad<\/th>\n<th style=\"border-color:inherit;border-style:solid;border-width:1px;font-family:Arial, sans-serif;font-size:14px;font-weight:normal;overflow:hidden;padding:10px 5px;text-align:left;vertical-align:top;word-break:normal\">\u00a0\u00a0\u00a0\u00a0\u00a0\u00a0\u00a0\u00a0\u00a0\u00a0\u00a0\u00a0\u00a0\u00a0\u00a0\u00a0\u00a0\u00a0\u00a0\u00a0\u00a0\u00a0\u00a0\u00a0\u00a0\u00a0\u00a0\u00a0\u00a0\u00a0\u00a0\u00a0\u00a0\u00a0\u00a0\u00a0\u00a0\u00a0\u00a0\u00a0\u00a0\u00a0\u00a0\u00a0\u00a0\u00a0\u00a0\u00a0\u00a0\u00a0\u00a0\u00a0\u00a0\u00a0\u00a0\u00a0\u00a0\u00a0\u00a0\u00a0<\/th>\n<\/tr>\n<\/thead>\n<tbody>\n<tr>\n<td style=\"border-color:inherit;border-style:solid;border-width:1px;font-family:Arial, sans-serif;font-size:14px;overflow:hidden;padding:10px 5px;text-align:left;vertical-align:top;word-break:normal\">TC Kimlik No \/ Pasaport No<\/td>\n<td style=\"border-color:inherit;border-style:solid;border-width:1px;font-family:Arial, sans-serif;font-size:14px;overflow:hidden;padding:10px 5px;text-align:left;vertical-align:top;word-break:normal\"><\/td>\n<\/tr>\n<tr>\n<td style=\"border-color:inherit;border-style:solid;border-width:1px;font-family:Arial, sans-serif;font-size:14px;overflow:hidden;padding:10px 5px;text-align:left;vertical-align:top;word-break:normal\">Tebligat Adresi<\/td>\n<td style=\"border-color:inherit;border-style:solid;border-width:1px;font-family:Arial, sans-serif;font-size:14px;overflow:hidden;padding:10px 5px;text-align:left;vertical-align:top;word-break:normal\"><\/td>\n<\/tr>\n<tr>\n<td style=\"border-color:inherit;border-style:solid;border-width:1px;font-family:Arial, sans-serif;font-size:14px;overflow:hidden;padding:10px 5px;text-align:left;vertical-align:top;word-break:normal\">Telefon Numaras\u0131 \/ E-Posta Adresi<\/td>\n<td style=\"border-color:inherit;border-style:solid;border-width:1px;font-family:Arial, sans-serif;font-size:14px;overflow:hidden;padding:10px 5px;text-align:left;vertical-align:top;word-break:normal\"><\/td>\n<\/tr>\n<tr>\n<td style=\"border-color:inherit;border-style:solid;border-width:1px;font-family:Arial, sans-serif;font-size:14px;overflow:hidden;padding:10px 5px;text-align:left;vertical-align:top;word-break:normal\">Talep Konusu<\/td>\n<td style=\"border-color:inherit;border-style:solid;border-width:1px;font-family:Arial, sans-serif;font-size:14px;overflow:hidden;padding:10px 5px;text-align:left;vertical-align:top;word-break:normal\"><\/td>\n<\/tr>\n<\/tbody>\n<\/table>\n<p>Kanun\u2019un 13. maddesinin 1. f\u0131kras\u0131 gere\u011fince, talebinizi a\u015fa\u011f\u0131daki y\u00f6ntemlerden biri ile Assos \u0130la\u00e7\u2019a iletebilirsiniz;<br \/>\n1.Huzur Mahallesi Tosya Caddesi no:5 34773 \u00dcmraniye, \u0130stanbul adresimize \u0131slak imzal\u0131 olarak,<br \/>\n2.assos@hs03.kep.tr kay\u0131tl\u0131 elektronik e posta adresimize konu k\u0131sm\u0131na \u201cKi\u015fisel Verilerin Korunmas\u0131 Kanunu Kapsam\u0131nda Bilgi Talebi\u201d yazarak,<br \/>\n3.verikoruma@assospharma.com elektronik e posta adresimize konu k\u0131sm\u0131na \u201cKi\u015fisel Verilerin Korunmas\u0131 Kanunu Kapsam\u0131nda Bilgi Talebi\u201d yazarak iletebilirsiniz.<br \/>\nTaleplere ili\u015fkin olarak herhangi bir \u00fccret talep edilmemesi esas olmakla birlikte, i\u015flemin Assos \u0130la\u00e7 i\u00e7in ayr\u0131ca bir maliyet gerektirmesi halinde Ki\u015fisel Verileri Koruma Kurulu taraf\u0131ndan belirlenen tarife kapsam\u0131nda \u00fccret talep edilebilir.<br \/>\nYine hat\u0131rlatmak isteriz ki yap\u0131lan ba\u015fvurularda kimlik bilgilerinizin do\u011frulu\u011funun teyidi amac\u0131yla Assos \u0130la\u00e7 taraf\u0131ndan ek do\u011frulamalar istenebilir. Bu kapsamda istenen \u015fahsi bilgiler yaln\u0131zca kimlik do\u011frulama ve Kanun kapsam\u0131nda yasal y\u00fck\u00fcml\u00fcl\u00fc\u011f\u00fc yerine getirmek amac\u0131yla i\u015flenmekte ve kullan\u0131lmaktad\u0131r.<br \/>\nYaz\u0131l\u0131 ba\u015fvurunuzda, ba\u015fvurunuzun veri sorumlusu olarak taraf\u0131m\u0131za tebli\u011f edildi\u011fi tarih, ba\u015fvuru tarihinizdir; di\u011fer y\u00f6ntemlerle yap\u0131lan ba\u015fvurular\u0131n\u0131zda, ba\u015fvurunuzun veri sorumlusu olarak taraf\u0131m\u0131za ula\u015ft\u0131\u011f\u0131 tarih, ba\u015fvuru tarihiniz olarak kabul edilecektir.<br \/>\nTalebinize ili\u015fkin bilgi ve belgeleriniz varsa bunlar\u0131 ba\u015fvurunuza eklemenizi rica ederiz.<\/p>\n<p>Veri Sorumlusuna Ba\u015fvuru Formu i\u00e7in <strong><a href=\"https:\/\/garmastanpomat.com\/wp-content\/uploads\/2020\/12\/Garmastan-Basvuru-Formu-2020-12-11.docx\">t\u0131klay\u0131n\u0131z.<\/a><\/strong><\/p>\n","protected":false},"excerpt":{"rendered":"<p>VER\u0130 SORUMLUSUNA BA\u015eVURU FORMU Bu Ba\u015fvuru Formu, 7 Nisan 2016 tarihli 29677 say\u0131l\u0131 Resmi Gazetede yay\u0131mlanan 6698 say\u0131l\u0131 Ki\u015fisel Verilerin Korunmas\u0131 Kanununa (bundan b\u00f6yle \u201cKanun\u201d olarak<span class=\"excerpt-hellip\"> [\u2026]<\/span><\/p>\n","protected":false},"author":1,"featured_media":0,"parent":0,"menu_order":0,"comment_status":"closed","ping_status":"closed","template":"","meta":{"footnotes":""},"class_list":["post-278","page","type-page","status-publish","hentry"],"yoast_head":"<!-- This site is optimized with the Yoast SEO plugin v25.2 - https:\/\/yoast.com\/wordpress\/plugins\/seo\/ -->\n<title>Ba\u015fvuru Formu &#8211; Garmastan\u00ae Pomat<\/title>\n<meta name=\"robots\" content=\"index, follow, max-snippet:-1, max-image-preview:large, max-video-preview:-1\" \/>\n<link rel=\"canonical\" href=\"https:\/\/garmastanpomat.com\/index.php\/basvuru-formu\/\" \/>\n<meta property=\"og:locale\" content=\"tr_TR\" \/>\n<meta property=\"og:type\" content=\"article\" \/>\n<meta property=\"og:title\" content=\"Ba\u015fvuru Formu &#8211; Garmastan\u00ae Pomat\" \/>\n<meta property=\"og:description\" content=\"VER\u0130 SORUMLUSUNA BA\u015eVURU FORMU Bu Ba\u015fvuru Formu, 7 Nisan 2016 tarihli 29677 say\u0131l\u0131 Resmi Gazetede yay\u0131mlanan 6698 say\u0131l\u0131 Ki\u015fisel Verilerin Korunmas\u0131 Kanununa (bundan b\u00f6yle \u201cKanun\u201d olarak [\u2026]\" \/>\n<meta property=\"og:url\" content=\"https:\/\/garmastanpomat.com\/index.php\/basvuru-formu\/\" \/>\n<meta property=\"og:site_name\" content=\"Garmastan\u00ae Pomat\" \/>\n<meta property=\"article:publisher\" content=\"https:\/\/www.facebook.com\/garmastanpomat\/\" \/>\n<meta property=\"article:modified_time\" content=\"2020-12-23T07:08:33+00:00\" \/>\n<meta name=\"twitter:card\" content=\"summary_large_image\" \/>\n<meta name=\"twitter:label1\" content=\"Tahmini okuma s\u00fcresi\" \/>\n\t<meta name=\"twitter:data1\" content=\"2 dakika\" \/>\n<script type=\"application\/ld+json\" class=\"yoast-schema-graph\">{\"@context\":\"https:\/\/schema.org\",\"@graph\":[{\"@type\":\"WebPage\",\"@id\":\"https:\/\/garmastanpomat.com\/index.php\/basvuru-formu\/\",\"url\":\"https:\/\/garmastanpomat.com\/index.php\/basvuru-formu\/\",\"name\":\"Ba\u015fvuru Formu &#8211; Garmastan\u00ae Pomat\",\"isPartOf\":{\"@id\":\"https:\/\/garmastanpomat.com\/#website\"},\"datePublished\":\"2020-12-21T12:31:16+00:00\",\"dateModified\":\"2020-12-23T07:08:33+00:00\",\"breadcrumb\":{\"@id\":\"https:\/\/garmastanpomat.com\/index.php\/basvuru-formu\/#breadcrumb\"},\"inLanguage\":\"tr\",\"potentialAction\":[{\"@type\":\"ReadAction\",\"target\":[\"https:\/\/garmastanpomat.com\/index.php\/basvuru-formu\/\"]}]},{\"@type\":\"BreadcrumbList\",\"@id\":\"https:\/\/garmastanpomat.com\/index.php\/basvuru-formu\/#breadcrumb\",\"itemListElement\":[{\"@type\":\"ListItem\",\"position\":1,\"name\":\"Anasayfa\",\"item\":\"https:\/\/garmastanpomat.com\/\"},{\"@type\":\"ListItem\",\"position\":2,\"name\":\"Ba\u015fvuru Formu\"}]},{\"@type\":\"WebSite\",\"@id\":\"https:\/\/garmastanpomat.com\/#website\",\"url\":\"https:\/\/garmastanpomat.com\/\",\"name\":\"Garmastan\u00ae Pomat\",\"description\":\"Kesintisiz Emzirme \u0130\u00e7in\",\"publisher\":{\"@id\":\"https:\/\/garmastanpomat.com\/#organization\"},\"potentialAction\":[{\"@type\":\"SearchAction\",\"target\":{\"@type\":\"EntryPoint\",\"urlTemplate\":\"https:\/\/garmastanpomat.com\/?s={search_term_string}\"},\"query-input\":{\"@type\":\"PropertyValueSpecification\",\"valueRequired\":true,\"valueName\":\"search_term_string\"}}],\"inLanguage\":\"tr\"},{\"@type\":\"Organization\",\"@id\":\"https:\/\/garmastanpomat.com\/#organization\",\"name\":\"Garmastan Pomat\",\"url\":\"https:\/\/garmastanpomat.com\/\",\"logo\":{\"@type\":\"ImageObject\",\"inLanguage\":\"tr\",\"@id\":\"https:\/\/garmastanpomat.com\/#\/schema\/logo\/image\/\",\"url\":\"https:\/\/garmastanpomat.com\/wp-content\/uploads\/2021\/06\/Garmastan.png\",\"contentUrl\":\"https:\/\/garmastanpomat.com\/wp-content\/uploads\/2021\/06\/Garmastan.png\",\"width\":613,\"height\":163,\"caption\":\"Garmastan Pomat\"},\"image\":{\"@id\":\"https:\/\/garmastanpomat.com\/#\/schema\/logo\/image\/\"},\"sameAs\":[\"https:\/\/www.facebook.com\/garmastanpomat\/\",\"https:\/\/www.instagram.com\/garmastanpomat\/\",\"https:\/\/www.linkedin.com\/company\/15178523\/admin\/\"]}]}<\/script>\n<!-- \/ Yoast SEO plugin. -->","yoast_head_json":{"title":"Ba\u015fvuru Formu &#8211; Garmastan\u00ae Pomat","robots":{"index":"index","follow":"follow","max-snippet":"max-snippet:-1","max-image-preview":"max-image-preview:large","max-video-preview":"max-video-preview:-1"},"canonical":"https:\/\/garmastanpomat.com\/index.php\/basvuru-formu\/","og_locale":"tr_TR","og_type":"article","og_title":"Ba\u015fvuru Formu &#8211; Garmastan\u00ae Pomat","og_description":"VER\u0130 SORUMLUSUNA BA\u015eVURU FORMU Bu Ba\u015fvuru Formu, 7 Nisan 2016 tarihli 29677 say\u0131l\u0131 Resmi Gazetede yay\u0131mlanan 6698 say\u0131l\u0131 Ki\u015fisel Verilerin Korunmas\u0131 Kanununa (bundan b\u00f6yle \u201cKanun\u201d olarak [\u2026]","og_url":"https:\/\/garmastanpomat.com\/index.php\/basvuru-formu\/","og_site_name":"Garmastan\u00ae Pomat","article_publisher":"https:\/\/www.facebook.com\/garmastanpomat\/","article_modified_time":"2020-12-23T07:08:33+00:00","twitter_card":"summary_large_image","twitter_misc":{"Tahmini okuma s\u00fcresi":"2 dakika"},"schema":{"@context":"https:\/\/schema.org","@graph":[{"@type":"WebPage","@id":"https:\/\/garmastanpomat.com\/index.php\/basvuru-formu\/","url":"https:\/\/garmastanpomat.com\/index.php\/basvuru-formu\/","name":"Ba\u015fvuru Formu &#8211; Garmastan\u00ae Pomat","isPartOf":{"@id":"https:\/\/garmastanpomat.com\/#website"},"datePublished":"2020-12-21T12:31:16+00:00","dateModified":"2020-12-23T07:08:33+00:00","breadcrumb":{"@id":"https:\/\/garmastanpomat.com\/index.php\/basvuru-formu\/#breadcrumb"},"inLanguage":"tr","potentialAction":[{"@type":"ReadAction","target":["https:\/\/garmastanpomat.com\/index.php\/basvuru-formu\/"]}]},{"@type":"BreadcrumbList","@id":"https:\/\/garmastanpomat.com\/index.php\/basvuru-formu\/#breadcrumb","itemListElement":[{"@type":"ListItem","position":1,"name":"Anasayfa","item":"https:\/\/garmastanpomat.com\/"},{"@type":"ListItem","position":2,"name":"Ba\u015fvuru Formu"}]},{"@type":"WebSite","@id":"https:\/\/garmastanpomat.com\/#website","url":"https:\/\/garmastanpomat.com\/","name":"Garmastan\u00ae Pomat","description":"Kesintisiz Emzirme \u0130\u00e7in","publisher":{"@id":"https:\/\/garmastanpomat.com\/#organization"},"potentialAction":[{"@type":"SearchAction","target":{"@type":"EntryPoint","urlTemplate":"https:\/\/garmastanpomat.com\/?s={search_term_string}"},"query-input":{"@type":"PropertyValueSpecification","valueRequired":true,"valueName":"search_term_string"}}],"inLanguage":"tr"},{"@type":"Organization","@id":"https:\/\/garmastanpomat.com\/#organization","name":"Garmastan Pomat","url":"https:\/\/garmastanpomat.com\/","logo":{"@type":"ImageObject","inLanguage":"tr","@id":"https:\/\/garmastanpomat.com\/#\/schema\/logo\/image\/","url":"https:\/\/garmastanpomat.com\/wp-content\/uploads\/2021\/06\/Garmastan.png","contentUrl":"https:\/\/garmastanpomat.com\/wp-content\/uploads\/2021\/06\/Garmastan.png","width":613,"height":163,"caption":"Garmastan Pomat"},"image":{"@id":"https:\/\/garmastanpomat.com\/#\/schema\/logo\/image\/"},"sameAs":["https:\/\/www.facebook.com\/garmastanpomat\/","https:\/\/www.instagram.com\/garmastanpomat\/","https:\/\/www.linkedin.com\/company\/15178523\/admin\/"]}]}},"_links":{"self":[{"href":"https:\/\/garmastanpomat.com\/index.php\/wp-json\/wp\/v2\/pages\/278","targetHints":{"allow":["GET"]}}],"collection":[{"href":"https:\/\/garmastanpomat.com\/index.php\/wp-json\/wp\/v2\/pages"}],"about":[{"href":"https:\/\/garmastanpomat.com\/index.php\/wp-json\/wp\/v2\/types\/page"}],"author":[{"embeddable":true,"href":"https:\/\/garmastanpomat.com\/index.php\/wp-json\/wp\/v2\/users\/1"}],"replies":[{"embeddable":true,"href":"https:\/\/garmastanpomat.com\/index.php\/wp-json\/wp\/v2\/comments?post=278"}],"version-history":[{"count":8,"href":"https:\/\/garmastanpomat.com\/index.php\/wp-json\/wp\/v2\/pages\/278\/revisions"}],"predecessor-version":[{"id":292,"href":"https:\/\/garmastanpomat.com\/index.php\/wp-json\/wp\/v2\/pages\/278\/revisions\/292"}],"wp:attachment":[{"href":"https:\/\/garmastanpomat.com\/index.php\/wp-json\/wp\/v2\/media?parent=278"}],"curies":[{"name":"wp","href":"https:\/\/api.w.org\/{rel}","templated":true}]}}